{"id":8,"date":"2015-11-01T19:26:10","date_gmt":"2015-11-01T19:26:10","guid":{"rendered":"http:\/\/bagbolsa.hu\/my-account\/"},"modified":"2015-12-09T16:24:29","modified_gmt":"2015-12-09T16:24:29","slug":"fiokom","status":"publish","type":"page","link":"https:\/\/bagbolsa.hu\/?page_id=8","title":{"rendered":"Fi\u00f3kom"},"content":{"rendered":"<div class=\"woocommerce\">\n\n\n\n<div class=\"row\" id=\"customer_login\">\n\n\t<div class=\"col-sm-6\">\n\n\t\t<form method=\"post\" class=\"login login-form\">\n\t\t\n\t\t\t<h3><span>Bejelentkez\u00e9s<\/span><\/h3>\n\n\t\t\t\n\t\t\t<p class=\"form-row form-row-wide\">\n\t\t\t\t<label for=\"username\">Felhaszn\u00e1l\u00f3n\u00e9v vagy e-mail c\u00edm <span class=\"required\">*<\/span><\/label>\n\t\t\t\t<input type=\"text\" class=\"input-text\" name=\"username\" id=\"username\" \/>\n\t\t\t<\/p>\n\t\t\t<p class=\"form-row form-row-wide\">\n\t\t\t\t<label for=\"password\">Jelsz\u00f3 <span class=\"required\">*<\/span><\/label>\n\t\t\t\t<input class=\"input-text\" type=\"password\" name=\"password\" id=\"password\" \/>\n\t\t\t<\/p>\n\n\t\t\t\n\t\t\t<input type=\"hidden\" id=\"_wpnonce\" name=\"_wpnonce\" value=\"322fc9ab46\" \/><input type=\"hidden\" name=\"_wp_http_referer\" value=\"\/index.php?rest_route=%2Fwp%2Fv2%2Fpages%2F8\" \/>\t\t\t\n\t\t\t\n\t\t\t<button type=\"submit\" class=\"btn btn-black big pull-left\" name=\"login\" value=\"Bejelentkez\u00e9s\">Bejelentkez\u00e9s<\/button>\n\t\t\t<p class=\"lost-password pull-left\">Elfelejtette jelszav\u00e1t? <a href=\"https:\/\/bagbolsa.hu\/?page_id=8&#038;lost-password\">Jelsz\u00f3 eml\u00e9keztet\u0151<\/a><\/p>\n\t\t\t\n\t\t\t<label for=\"rememberme\" class=\"inline\">\n\t\t\t\t<input name=\"rememberme\" type=\"checkbox\" id=\"rememberme\" value=\"forever\" \/> Eml\u00e9kezz r\u00e1m\t\t\t<\/label>\n\t\t\t\n\t\t<\/form>\n\t<\/div>\n\n<\/div>\n\n<\/div>\n","protected":false},"excerpt":{"rendered":"Bejelentkez\u00e9s Felhaszn\u00e1l\u00f3n\u00e9v vagy e-mail c\u00edm * Jelsz\u00f3 * Bejelentkez\u00e9s Elfelejtette jelszav\u00e1t? Jelsz\u00f3 eml\u00e9keztet\u0151 Eml\u00e9kezz r\u00e1m","protected":false},"author":1,"featured_media":0,"parent":0,"menu_order":0,"comment_status":"closed","ping_status":"closed","template":"","meta":{"footnotes":""},"class_list":["post-8","page","type-page","status-publish","hentry"],"_links":{"self":[{"href":"https:\/\/bagbolsa.hu\/index.php?rest_route=\/wp\/v2\/pages\/8","targetHints":{"allow":["GET"]}}],"collection":[{"href":"https:\/\/bagbolsa.hu\/index.php?rest_route=\/wp\/v2\/pages"}],"about":[{"href":"https:\/\/bagbolsa.hu\/index.php?rest_route=\/wp\/v2\/types\/page"}],"author":[{"embeddable":true,"href":"https:\/\/bagbolsa.hu\/index.php?rest_route=\/wp\/v2\/users\/1"}],"replies":[{"embeddable":true,"href":"https:\/\/bagbolsa.hu\/index.php?rest_route=%2Fwp%2Fv2%2Fcomments&post=8"}],"version-history":[{"count":1,"href":"https:\/\/bagbolsa.hu\/index.php?rest_route=\/wp\/v2\/pages\/8\/revisions"}],"predecessor-version":[{"id":15340,"href":"https:\/\/bagbolsa.hu\/index.php?rest_route=\/wp\/v2\/pages\/8\/revisions\/15340"}],"wp:attachment":[{"href":"https:\/\/bagbolsa.hu\/index.php?rest_route=%2Fwp%2Fv2%2Fmedia&parent=8"}],"curies":[{"name":"wp","href":"https:\/\/api.w.org\/{rel}","templated":true}]}}