{"id":6,"date":"2015-11-01T19:26:10","date_gmt":"2015-11-01T19:26:10","guid":{"rendered":"http:\/\/bagbolsa.hu\/cart\/"},"modified":"2015-12-09T16:22:17","modified_gmt":"2015-12-09T16:22:17","slug":"kosar","status":"publish","type":"page","link":"https:\/\/bagbolsa.hu\/?page_id=6","title":{"rendered":"Kos\u00e1r"},"content":{"rendered":"<div class=\"woocommerce\">\n\n<div class=\"empty-cart-block\">\n\t<i class=\"icon-shopping-cart\"><\/i>\n\t\n\t<h2>A kosara jelenleg \u00fcres<\/h2>\r\n<p>Nem adott hozz\u00e1 egyetlen term\u00e9ket sem<\/p>\t\n\t<p><a class=\"btn active big filled\" href=\"https:\/\/bagbolsa.hu\/?page_id=5\"><span>Vissza a boltba<\/span><\/a><\/p>\n\t\n<\/div><\/div>\n","protected":false},"excerpt":{"rendered":"A kosara jelenleg \u00fcres Nem adott hozz\u00e1 egyetlen term\u00e9ket sem Vissza a boltba","protected":false},"author":1,"featured_media":0,"parent":0,"menu_order":0,"comment_status":"closed","ping_status":"closed","template":"","meta":{"footnotes":""},"class_list":["post-6","page","type-page","status-publish","hentry"],"_links":{"self":[{"href":"https:\/\/bagbolsa.hu\/index.php?rest_route=\/wp\/v2\/pages\/6","targetHints":{"allow":["GET"]}}],"collection":[{"href":"https:\/\/bagbolsa.hu\/index.php?rest_route=\/wp\/v2\/pages"}],"about":[{"href":"https:\/\/bagbolsa.hu\/index.php?rest_route=\/wp\/v2\/types\/page"}],"author":[{"embeddable":true,"href":"https:\/\/bagbolsa.hu\/index.php?rest_route=\/wp\/v2\/users\/1"}],"replies":[{"embeddable":true,"href":"https:\/\/bagbolsa.hu\/index.php?rest_route=%2Fwp%2Fv2%2Fcomments&post=6"}],"version-history":[{"count":2,"href":"https:\/\/bagbolsa.hu\/index.php?rest_route=\/wp\/v2\/pages\/6\/revisions"}],"predecessor-version":[{"id":15320,"href":"https:\/\/bagbolsa.hu\/index.php?rest_route=\/wp\/v2\/pages\/6\/revisions\/15320"}],"wp:attachment":[{"href":"https:\/\/bagbolsa.hu\/index.php?rest_route=%2Fwp%2Fv2%2Fmedia&parent=6"}],"curies":[{"name":"wp","href":"https:\/\/api.w.org\/{rel}","templated":true}]}}