{"id":15712,"date":"2016-01-28T22:44:35","date_gmt":"2016-01-28T22:44:35","guid":{"rendered":"http:\/\/bagbolsa.hu\/wishlist\/"},"modified":"2016-01-31T18:32:28","modified_gmt":"2016-01-31T18:32:28","slug":"kedvenceim","status":"publish","type":"page","link":"https:\/\/bagbolsa.hu\/?page_id=15712","title":{"rendered":"Kedvenceim"},"content":{"rendered":"<div id=\"yith-wcwl-messages\"><\/div>\n\n\n\n<form id=\"yith-wcwl-form\" action=\"https:\/\/bagbolsa.hu\/?page_id=15712&#038;wishlist-action=view\" method=\"post\" class=\"woocommerce\">\n\n    <input type=\"hidden\" id=\"yith_wcwl_form_nonce\" name=\"yith_wcwl_form_nonce\" value=\"686382f28e\" \/><input type=\"hidden\" name=\"_wp_http_referer\" value=\"\/index.php?rest_route=%2Fwp%2Fv2%2Fpages%2F15712\" \/>\n    <!-- TITLE -->\n            <div class=\"wishlist-title \">\n            <h2>Kedvenceim<\/h2>                    <\/div>\n            \n    <!-- WISHLIST TABLE -->\n    <table class=\"shop_table cart wishlist_table\" data-pagination=\"no\" data-per-page=\"5\" data-page=\"1\" data-id=\"\" data-token=\"\">\n\n\t    \n        <thead>\n        <tr>\n\t        \n\t        \t\t        <th class=\"product-remove\"><\/th>\n\t        \n            <th class=\"product-thumbnail\"><\/th>\n\n            <th class=\"product-name\">\n                <span class=\"nobr\">Term\u00e9k neve<\/span>\n            <\/th>\n\n            \n                <th class=\"product-price\">\n                    <span class=\"nobr\">\n                        Egys\u00e9g\u00e1r                    <\/span>\n                <\/th>\n\n            \n            \n                <th class=\"product-stock-stauts\">\n                    <span class=\"nobr\">\n                        K\u00e9szlet \u00e1llapota                    <\/span>\n                <\/th>\n\n            \n            \n                <th class=\"product-add-to-cart\"><\/th>\n\n                    <\/tr>\n        <\/thead>\n\n        <tbody>\n                    <tr>\n                <td colspan=\"6\" class=\"wishlist-empty\">Nincs m\u00e9g hozz\u00e1adva term\u00e9k<\/td>\n            <\/tr>\n                <\/tbody>\n\n        <tfoot>\n        <tr>\n\t        <td colspan=\"6\">\n\t            \n\t            \n\t\t        \t        <\/td>\n        <\/tr>\n        <\/tfoot>\n\n    <\/table>\n\n    <input type=\"hidden\" id=\"yith_wcwl_edit_wishlist\" name=\"yith_wcwl_edit_wishlist\" value=\"b091ffa9ca\" \/><input type=\"hidden\" name=\"_wp_http_referer\" value=\"\/index.php?rest_route=%2Fwp%2Fv2%2Fpages%2F15712\" \/>\n    \n    \n<\/form>\n\n\n\n","protected":false},"excerpt":{"rendered":"Kedvenceim Term\u00e9k neve Egys\u00e9g\u00e1r K\u00e9szlet \u00e1llapota Nincs m\u00e9g hozz\u00e1adva term\u00e9k","protected":false},"author":1,"featured_media":0,"parent":0,"menu_order":0,"comment_status":"closed","ping_status":"closed","template":"","meta":{"footnotes":""},"class_list":["post-15712","page","type-page","status-publish","hentry"],"_links":{"self":[{"href":"https:\/\/bagbolsa.hu\/index.php?rest_route=\/wp\/v2\/pages\/15712","targetHints":{"allow":["GET"]}}],"collection":[{"href":"https:\/\/bagbolsa.hu\/index.php?rest_route=\/wp\/v2\/pages"}],"about":[{"href":"https:\/\/bagbolsa.hu\/index.php?rest_route=\/wp\/v2\/types\/page"}],"author":[{"embeddable":true,"href":"https:\/\/bagbolsa.hu\/index.php?rest_route=\/wp\/v2\/users\/1"}],"replies":[{"embeddable":true,"href":"https:\/\/bagbolsa.hu\/index.php?rest_route=%2Fwp%2Fv2%2Fcomments&post=15712"}],"version-history":[{"count":1,"href":"https:\/\/bagbolsa.hu\/index.php?rest_route=\/wp\/v2\/pages\/15712\/revisions"}],"predecessor-version":[{"id":15715,"href":"https:\/\/bagbolsa.hu\/index.php?rest_route=\/wp\/v2\/pages\/15712\/revisions\/15715"}],"wp:attachment":[{"href":"https:\/\/bagbolsa.hu\/index.php?rest_route=%2Fwp%2Fv2%2Fmedia&parent=15712"}],"curies":[{"name":"wp","href":"https:\/\/api.w.org\/{rel}","templated":true}]}}