{"id":15691,"date":"2016-01-24T14:27:09","date_gmt":"2016-01-24T14:27:09","guid":{"rendered":"http:\/\/bagbolsa.hu\/?page_id=15691"},"modified":"2016-01-25T14:16:18","modified_gmt":"2016-01-25T14:16:18","slug":"akcio","status":"publish","type":"page","link":"https:\/\/bagbolsa.hu\/?page_id=15691","title":{"rendered":"Akci\u00f3"},"content":{"rendered":"<div class=\"woocommerce columns-4\">\n\t\t\t\n\t\t\t<div class=\"row products-loop products-grid row-count-4\">\n\t\t\t\t\n\t\t\t\t\t\n\n<div class=\"product first col-lg-4 col-sm-4 col-xs-6 \">\n\t\t<div class=\"content-product\">\n        <div class=\"label-product\">\n\n    \t        \n\t    \t\t<div class=\"out-stock\">\n\t\t\t<div class=\"wr-c\">\n\t\t\t\t<div class=\"bigT\">Csak<\/div> rendel\u00e9sre\t\t\t<\/div>\n\t\t<\/div>  \n\t\n<\/div>\t\t\t\t<div class=\"product-image-wrapper hover-effect-slider\">\n        \n\t\t\t\t<a class=\"product-content-image\" href=\"https:\/\/bagbolsa.hu\/?product=paloma-lila-bor-kezitaska\" data-images=\"https:\/\/bagbolsa.hu\/wp-content\/uploads\/2016\/02\/paloma-lila-bortaska1-225x225.jpg,https:\/\/bagbolsa.hu\/wp-content\/uploads\/2016\/02\/paloma-lila-bortaska5-225x225.jpg,https:\/\/bagbolsa.hu\/wp-content\/uploads\/2016\/02\/paloma-lila-bortaska4-225x225.jpg,https:\/\/bagbolsa.hu\/wp-content\/uploads\/2016\/02\/paloma-lila-bortaska3-225x225.jpg,https:\/\/bagbolsa.hu\/wp-content\/uploads\/2016\/02\/paloma-lila-bortaska2-225x225.jpg,https:\/\/bagbolsa.hu\/wp-content\/uploads\/2016\/02\/paloma-lila-bortaska1-225x225.jpg\">\n\t\t\t\t\t\t\t\t\t\t\t\t\t\t\t<img loading=\"lazy\" decoding=\"async\" width=\"225\" height=\"225\" src=\"https:\/\/bagbolsa.hu\/wp-content\/uploads\/2016\/02\/paloma-lila-bortaska1-225x225.jpg\" class=\"attachment-shop_catalog size-shop_catalog wp-post-image\" alt=\"Min\u0151s\u00e9gi, lila sz\u00edn\u0171, cipz\u00e1rral z\u00e1r\u00f3d\u00f3 Nucelle m\u00e1rk\u00e1j\u00fa b\u0151r t\u00e1ska\" \/>                    \t\t\t\t<\/a>\n\t\t\t<footer class=\"footer-product\">\n\t\t\t\t\n<div class=\"yith-wcwl-add-to-wishlist add-to-wishlist-15859\">\n\t\t    <div class=\"yith-wcwl-add-button show\" style=\"display:block\">\n\n\t        \n<a href=\"\/index.php?rest_route=%2Fwp%2Fv2%2Fpages%2F15691&#038;add_to_wishlist=15859\" rel=\"nofollow\" data-product-id=\"15859\" data-product-type=\"simple\" class=\"add_to_wishlist\" >\n        Kedvencek k\u00f6z\u00e9<\/a>\n<img loading=\"lazy\" decoding=\"async\" src=\"https:\/\/bagbolsa.hu\/wp-content\/plugins\/yith-woocommerce-wishlist\/assets\/images\/wpspin_light.gif\" class=\"ajax-loading\" alt=\"loading\" width=\"16\" height=\"16\" style=\"visibility:hidden\" \/>\n\t    <\/div>\n\n\t    <div class=\"yith-wcwl-wishlistaddedbrowse hide\" style=\"display:none;\">\n\t        <span class=\"feedback\">T\u00e1ska hozz\u00e1adva!<\/span>\n\t        <a href=\"https:\/\/bagbolsa.hu\/?page_id=15712&#038;wishlist-action=view\" rel=\"nofollow\">\n\t            Kedvenceim\t        <\/a>\n\t    <\/div>\n\n\t    <div class=\"yith-wcwl-wishlistexistsbrowse hide\" style=\"display:none\">\n\t        <span class=\"feedback\">A t\u00e1ska m\u00e1r kedveinceid k\u00f6zt van!<\/span>\n\t        <a href=\"https:\/\/bagbolsa.hu\/?page_id=15712&#038;wishlist-action=view\" rel=\"nofollow\">\n\t            Kedvenceim\t        <\/a>\n\t    <\/div>\n\n\t    <div style=\"clear:both\"><\/div>\n\t    <div class=\"yith-wcwl-wishlistaddresponse\"><\/div>\n\t\n<\/div>\n\n<div class=\"clear\"><\/div>\t\t\t\t\t\t\t\t\t<span class=\"show-quickly\" data-prodid=\"15859\">Gyorsn\u00e9zet<\/span>\n\t\t\t\t\t\t\t<\/footer>\n\t\t<\/div>\n\n\t\t<div class=\"text-center product-details\">\n\t        \t        \t                <div class=\"product-title\">\n\t                        <a href=\"https:\/\/bagbolsa.hu\/?product=paloma-lila-bor-kezitaska\">Paloma: Lila b\u0151r k\u00e9zit\u00e1ska<\/a>\n\t                <span>26 x 22 x 11 cm<\/span><\/div>\n\t        \n            \n\t<span class=\"price\"><del><span class=\"amount\">20 900&nbsp;&#70;&#116;<\/span><\/del> <ins><span class=\"amount\">20 490&nbsp;&#70;&#116;<\/span><\/ins><\/span>\n\n\t        <div class=\"product-excerpt\">\n                Min\u0151s\u00e9gi, \u00a0lila sz\u00edn\u0171, cipz\u00e1rral\u00a0z\u00e1r\u00f3d\u00f3 Nucelle m\u00e1rk\u00e1j\u00fa b\u0151r t\u00e1ska (26 cm hossz\u00fa, \u00a011 cm sz\u00e9les, 22\u00a0cm magas, 125.5 cm-es levehet\u0151 p\u00e1nttal, 16 cm-es fog\u00f3val), mobiltelefon- \u00e9s n\u00e9vjegyk\u00e1rtya tart\u00f3val, cipz\u00e1ras bels\u0151 zsebbel.\t        <\/div>\n\n\t\t\t<a href=\"https:\/\/bagbolsa.hu\/?product=paloma-lila-bor-kezitaska\" rel=\"nofollow\" data-product_id=\"15859\" data-product_sku=\"0069\" class=\"btn border-grey  product_type_simple\"><i class=\"ico-smallpacket\"><\/i> Tov\u00e1bb<\/a>\t\t<\/div>\n\t<\/div>\n<\/div>\n\t\t\t\t\n\t\t\t<\/div> <!-- .row -->\n\t\t\t\n\t\t<\/div>\n","protected":false},"excerpt":{"rendered":"","protected":false},"author":1,"featured_media":0,"parent":0,"menu_order":0,"comment_status":"closed","ping_status":"closed","template":"","meta":{"footnotes":""},"class_list":["post-15691","page","type-page","status-publish","hentry"],"_links":{"self":[{"href":"https:\/\/bagbolsa.hu\/index.php?rest_route=\/wp\/v2\/pages\/15691","targetHints":{"allow":["GET"]}}],"collection":[{"href":"https:\/\/bagbolsa.hu\/index.php?rest_route=\/wp\/v2\/pages"}],"about":[{"href":"https:\/\/bagbolsa.hu\/index.php?rest_route=\/wp\/v2\/types\/page"}],"author":[{"embeddable":true,"href":"https:\/\/bagbolsa.hu\/index.php?rest_route=\/wp\/v2\/users\/1"}],"replies":[{"embeddable":true,"href":"https:\/\/bagbolsa.hu\/index.php?rest_route=%2Fwp%2Fv2%2Fcomments&post=15691"}],"version-history":[{"count":1,"href":"https:\/\/bagbolsa.hu\/index.php?rest_route=\/wp\/v2\/pages\/15691\/revisions"}],"predecessor-version":[{"id":15692,"href":"https:\/\/bagbolsa.hu\/index.php?rest_route=\/wp\/v2\/pages\/15691\/revisions\/15692"}],"wp:attachment":[{"href":"https:\/\/bagbolsa.hu\/index.php?rest_route=%2Fwp%2Fv2%2Fmedia&parent=15691"}],"curies":[{"name":"wp","href":"https:\/\/api.w.org\/{rel}","templated":true}]}}